{"id":5289,"date":"2023-02-28T21:50:23","date_gmt":"2023-02-28T19:50:23","guid":{"rendered":"https:\/\/edecor.md\/?post_type=product&#038;p=5289"},"modified":"2023-02-28T22:16:49","modified_gmt":"2023-02-28T20:16:49","slug":"ks103","status":"publish","type":"product","link":"https:\/\/edecor.md\/en\/catalog\/profile-decorative-pentru-fatade\/console\/ks103\/","title":{"rendered":"KS103"},"content":{"rendered":"<p><b>Consola<\/b>\u00a0este un element de\u00a0arhitectur\u0103, ie\u0219it de la suprafa\u021ba zidului o dat\u0103 cu care este construit, cu rol func\u021bional, servind ca punct inferior de sprijin \u0219i de desc\u0103rcare, cu rolul de a sus\u021bine diverse suprastructuri (un\u00a0balcon, o corni\u0219\u0103 etc.).<\/p>\n<p>Constructiv, este o semigrind\u0103 \u00eencastrat\u0103 \u00een pere\u021bi sau sus\u021binut\u0103 de coloane,\u00a0pila\u0219tri\u00a0etc.<\/p>\n<p><strong>Material:<\/strong> Polistiren expandat marca M25 armat cu strat de protectie pe baza de nisip de quartz.<\/p>\n<p>La fel se executa elemente cu m\u0103rimi \u0219i forme individuale la comanda.<\/p>\n","protected":false},"excerpt":{"rendered":"<p>Consola\u00a0este un element de\u00a0arhitectur\u0103, ie\u0219it de la suprafa\u021ba zidului o dat\u0103 cu care este construit, cu rol func\u021bional, servind ca<\/p>\n","protected":false},"featured_media":5294,"template":"","meta":[],"product_cat":[82,70],"product_tag":[],"_links":{"self":[{"href":"https:\/\/edecor.md\/en\/wp-json\/wp\/v2\/product\/5289"}],"collection":[{"href":"https:\/\/edecor.md\/en\/wp-json\/wp\/v2\/product"}],"about":[{"href":"https:\/\/edecor.md\/en\/wp-json\/wp\/v2\/types\/product"}],"wp:featuredmedia":[{"embeddable":true,"href":"https:\/\/edecor.md\/en\/wp-json\/wp\/v2\/media\/5294"}],"wp:attachment":[{"href":"https:\/\/edecor.md\/en\/wp-json\/wp\/v2\/media?parent=5289"}],"wp:term":[{"taxonomy":"product_cat","embeddable":true,"href":"https:\/\/edecor.md\/en\/wp-json\/wp\/v2\/product_cat?post=5289"},{"taxonomy":"product_tag","embeddable":true,"href":"https:\/\/edecor.md\/en\/wp-json\/wp\/v2\/product_tag?post=5289"}],"curies":[{"name":"wp","href":"https:\/\/api.w.org\/{rel}","templated":true}]}}