{"id":5116,"date":"2023-02-20T18:03:20","date_gmt":"2023-02-20T16:03:20","guid":{"rendered":"https:\/\/edecor.md\/?post_type=product&#038;p=5116"},"modified":"2024-02-23T03:20:17","modified_gmt":"2024-02-23T01:20:17","slug":"cl106","status":"publish","type":"product","link":"https:\/\/edecor.md\/en\/catalog\/profile-decorative-pentru-fatade\/bosaje\/cl106\/","title":{"rendered":"CL106"},"content":{"rendered":"<p><b>Bosajul<\/b>\u00a0este un tip de finisaj la fa\u021ba zidului exterior al unei cl\u0103diri, realizat din blocuri de piatr\u0103, egale ca dimensiuni, dispuse \u00een \u0219iruri regulate, a c\u0103ror latur\u0103 frontal\u0103 este tratata \u00een relief, \u00een maniere diferite.<\/p>\n<p>Mai este folosit\u0103 \u0219i pentru marginile cl\u0103dirilor, cunoscute sub denumirea de\u00a0<i>conci rustice<\/i>. Cavitatea \u00een care st\u0103 piatra poate fi rotund\u0103, p\u0103trat\u0103, te\u0219it\u0103, \u00een form\u0103 de romb, etc.<sup id=\"cite_ref-name_3-0\" class=\"reference\"><\/sup>\u00a0Exist\u0103 bosajul \u201e\u00een diamant\u201d, bosajul \u201erotunjit\u201d, bosajul de \u201erustic\u201d etc<\/p>\n<p>Material: Polistiren expandat marca M25 armat cu strat de protectie pe baza de nisip de cuart<\/p>\n<p>Pretul este pentru 1 buc de 1,2 m<\/p>\n<p>La fel se executa elemente cu marimi si forme individuale la comanda.<\/p>\n","protected":false},"excerpt":{"rendered":"<p>Bosajul\u00a0este un tip de finisaj la fa\u021ba zidului exterior al unei cl\u0103diri, realizat din blocuri de piatr\u0103, egale ca dimensiuni,<\/p>\n","protected":false},"featured_media":5127,"template":"","meta":[],"product_cat":[86,70],"product_tag":[],"_links":{"self":[{"href":"https:\/\/edecor.md\/en\/wp-json\/wp\/v2\/product\/5116"}],"collection":[{"href":"https:\/\/edecor.md\/en\/wp-json\/wp\/v2\/product"}],"about":[{"href":"https:\/\/edecor.md\/en\/wp-json\/wp\/v2\/types\/product"}],"wp:featuredmedia":[{"embeddable":true,"href":"https:\/\/edecor.md\/en\/wp-json\/wp\/v2\/media\/5127"}],"wp:attachment":[{"href":"https:\/\/edecor.md\/en\/wp-json\/wp\/v2\/media?parent=5116"}],"wp:term":[{"taxonomy":"product_cat","embeddable":true,"href":"https:\/\/edecor.md\/en\/wp-json\/wp\/v2\/product_cat?post=5116"},{"taxonomy":"product_tag","embeddable":true,"href":"https:\/\/edecor.md\/en\/wp-json\/wp\/v2\/product_tag?post=5116"}],"curies":[{"name":"wp","href":"https:\/\/api.w.org\/{rel}","templated":true}]}}