{"id":4745,"date":"2023-02-13T13:24:30","date_gmt":"2023-02-13T11:24:30","guid":{"rendered":"https:\/\/edecor.md\/?post_type=product&#038;p=4745"},"modified":"2023-02-14T10:39:11","modified_gmt":"2023-02-14T08:39:11","slug":"baza-kb116","status":"publish","type":"product","link":"https:\/\/edecor.md\/en\/catalog\/profile-decorative-pentru-fatade\/capiteluri_baze\/baza-kb116\/","title":{"rendered":"Baza KB116"},"content":{"rendered":"<p>Baza coloanei este un\u00a0element de arhitectur\u0103, a\u0219ezat sub\u00a0<a class=\"mw-redirect mw-disambig\" title=\"Fus\" href=\"https:\/\/ro.wikipedia.org\/wiki\/Fus\">fusul<\/a>\u00a0<a title=\"Coloan\u0103\" href=\"https:\/\/ro.wikipedia.org\/wiki\/Coloan%C4%83\">coloanei<\/a>, cu decora\u021bia determinat\u0103 de ordinul de arhitectur\u0103 c\u0103ruia \u00eei apar\u021bine;<\/p>\n<p>Material: Polistiren expandat marca M25 armat cu strat de protec\u021bie pe baza de nisip de quartz<\/p>\n<p>Pre\u021bul se calculeaz\u0103 individual pentru 1 buc.<\/p>\n<p>La fel se executa elemente cu m\u0103rimi \u0219i forme individuale la comanda.<\/p>\n","protected":false},"excerpt":{"rendered":"<p>Baza coloanei este un\u00a0element de arhitectur\u0103, a\u0219ezat sub\u00a0fusul\u00a0coloanei, cu decora\u021bia determinat\u0103 de ordinul de arhitectur\u0103 c\u0103ruia \u00eei apar\u021bine; Material: Polistiren<\/p>\n","protected":false},"featured_media":4747,"template":"","meta":[],"product_cat":[242,70],"product_tag":[],"_links":{"self":[{"href":"https:\/\/edecor.md\/en\/wp-json\/wp\/v2\/product\/4745"}],"collection":[{"href":"https:\/\/edecor.md\/en\/wp-json\/wp\/v2\/product"}],"about":[{"href":"https:\/\/edecor.md\/en\/wp-json\/wp\/v2\/types\/product"}],"wp:featuredmedia":[{"embeddable":true,"href":"https:\/\/edecor.md\/en\/wp-json\/wp\/v2\/media\/4747"}],"wp:attachment":[{"href":"https:\/\/edecor.md\/en\/wp-json\/wp\/v2\/media?parent=4745"}],"wp:term":[{"taxonomy":"product_cat","embeddable":true,"href":"https:\/\/edecor.md\/en\/wp-json\/wp\/v2\/product_cat?post=4745"},{"taxonomy":"product_tag","embeddable":true,"href":"https:\/\/edecor.md\/en\/wp-json\/wp\/v2\/product_tag?post=4745"}],"curies":[{"name":"wp","href":"https:\/\/api.w.org\/{rel}","templated":true}]}}