{"id":3964,"date":"2020-04-30T12:31:57","date_gmt":"2020-04-30T09:31:57","guid":{"rendered":"https:\/\/edecor.md\/?post_type=product&#038;p=3964"},"modified":"2023-02-13T13:12:52","modified_gmt":"2023-02-13T11:12:52","slug":"ka111","status":"publish","type":"product","link":"https:\/\/edecor.md\/en\/catalog\/profile-decorative-pentru-fatade\/capiteluri_baze\/ka111\/","title":{"rendered":"Capitel KA111"},"content":{"rendered":"<p>Un\u00a0<b>capitel<\/b>\u00a0formeaz\u0103 partea cea mai de sus al unei\u00a0<a title=\"Coloane\" href=\"https:\/\/ro.wikipedia.org\/wiki\/Coloane\">coloane<\/a>\u00a0(sau al unui\u00a0<a title=\"Pilastru\" href=\"https:\/\/ro.wikipedia.org\/wiki\/Pilastru\">pilastru<\/a>). El mediaz\u0103 \u00eentre coloan\u0103 \u0219i ceea ce e sus\u021binut de coloan\u0103, l\u0103rgind aria suprafe\u021bei ei de sus\u021binere. Capitelul, care se proiecteaz\u0103 pe fiecare parte \u00een timp ce se ridic\u0103 ca s\u0103 sus\u021bin\u0103\u00a0<a title=\"Abac\u0103\" href=\"https:\/\/ro.wikipedia.org\/wiki\/Abac%C4%83\">abaca<\/a>, se al\u0103tur\u0103 abac\u0103i de obicei p\u0103trat\u0103 \u0219i fusului de obicei circular al coloanei.<\/p>\n<p>Material: Polistiren expandat marca M25 armat cu strat de protec\u021bie pe baza de nisip de quartz<\/p>\n<p>Pre\u021bul se calculeaz\u0103 individual pentru 1 buc.<\/p>\n<p>La fel se executa elemente cu m\u0103rimi \u0219i forme individuale la comanda.<\/p>\n","protected":false},"excerpt":{"rendered":"<p>Un\u00a0capitel\u00a0formeaz\u0103 partea cea mai de sus al unei\u00a0coloane\u00a0(sau al unui\u00a0pilastru). El mediaz\u0103 \u00eentre coloan\u0103 \u0219i ceea ce e sus\u021binut de<\/p>\n","protected":false},"featured_media":4716,"template":"","meta":[],"product_cat":[242,70],"product_tag":[],"_links":{"self":[{"href":"https:\/\/edecor.md\/en\/wp-json\/wp\/v2\/product\/3964"}],"collection":[{"href":"https:\/\/edecor.md\/en\/wp-json\/wp\/v2\/product"}],"about":[{"href":"https:\/\/edecor.md\/en\/wp-json\/wp\/v2\/types\/product"}],"wp:featuredmedia":[{"embeddable":true,"href":"https:\/\/edecor.md\/en\/wp-json\/wp\/v2\/media\/4716"}],"wp:attachment":[{"href":"https:\/\/edecor.md\/en\/wp-json\/wp\/v2\/media?parent=3964"}],"wp:term":[{"taxonomy":"product_cat","embeddable":true,"href":"https:\/\/edecor.md\/en\/wp-json\/wp\/v2\/product_cat?post=3964"},{"taxonomy":"product_tag","embeddable":true,"href":"https:\/\/edecor.md\/en\/wp-json\/wp\/v2\/product_tag?post=3964"}],"curies":[{"name":"wp","href":"https:\/\/api.w.org\/{rel}","templated":true}]}}