{"id":3466,"date":"2019-10-09T16:07:09","date_gmt":"2019-10-09T13:07:09","guid":{"rendered":"https:\/\/edecor.md\/?post_type=product&#038;p=3466"},"modified":"2023-02-13T12:58:42","modified_gmt":"2023-02-13T10:58:42","slug":"kl104","status":"publish","type":"product","link":"https:\/\/edecor.md\/en\/catalog\/profile-decorative-pentru-fatade\/coloane\/kl104\/","title":{"rendered":"KL104"},"content":{"rendered":"<p>\u00cen\u00a0<a title=\"Arhitectur\u0103\" href=\"https:\/\/ro.wikipedia.org\/wiki\/Arhitectur%C4%83\">arhitectur\u0103<\/a>,\u00a0<b>coloana<\/b>\u00a0este un element portant punctual din structura vertical\u0103 a unei cl\u0103diri, care descarc\u0103 spre baza sa \u0219i, apoi, spre p\u0103m\u00e2nt greutatea \u0219i celelalte for\u021be de \u00eempingere provenite din partea superioar\u0103 a unei structuri.<\/p>\n<p>Material: Polistiren expandat marca M25 armat cu strat de protec\u021bie pe baza de nisip de quartz<\/p>\n<p>Pre\u021bul este pentru 1 m.lin.<\/p>\n<p>La fel se executa elemente cu m\u0103rimi \u0219i forme individuale la comanda.<\/p>\n","protected":false},"excerpt":{"rendered":"<p>\u00cen\u00a0arhitectur\u0103,\u00a0coloana\u00a0este un element portant punctual din structura vertical\u0103 a unei cl\u0103diri, care descarc\u0103 spre baza sa \u0219i, apoi, spre p\u0103m\u00e2nt<\/p>\n","protected":false},"featured_media":4713,"template":"","meta":[],"product_cat":[87,70],"product_tag":[],"_links":{"self":[{"href":"https:\/\/edecor.md\/en\/wp-json\/wp\/v2\/product\/3466"}],"collection":[{"href":"https:\/\/edecor.md\/en\/wp-json\/wp\/v2\/product"}],"about":[{"href":"https:\/\/edecor.md\/en\/wp-json\/wp\/v2\/types\/product"}],"wp:featuredmedia":[{"embeddable":true,"href":"https:\/\/edecor.md\/en\/wp-json\/wp\/v2\/media\/4713"}],"wp:attachment":[{"href":"https:\/\/edecor.md\/en\/wp-json\/wp\/v2\/media?parent=3466"}],"wp:term":[{"taxonomy":"product_cat","embeddable":true,"href":"https:\/\/edecor.md\/en\/wp-json\/wp\/v2\/product_cat?post=3466"},{"taxonomy":"product_tag","embeddable":true,"href":"https:\/\/edecor.md\/en\/wp-json\/wp\/v2\/product_tag?post=3466"}],"curies":[{"name":"wp","href":"https:\/\/api.w.org\/{rel}","templated":true}]}}