{"id":3360,"date":"2019-10-09T12:33:43","date_gmt":"2019-10-09T09:33:43","guid":{"rendered":"https:\/\/edecor.md\/?post_type=product&#038;p=3360"},"modified":"2023-04-20T18:50:07","modified_gmt":"2023-04-20T15:50:07","slug":"pl102","status":"publish","type":"product","link":"https:\/\/edecor.md\/en\/catalog\/profile-decorative-pentru-fatade\/pilastri\/pl102\/","title":{"rendered":"PL102"},"content":{"rendered":"<p>\u00cen\u00a0<a title=\"Arhitectura clasic\u0103\" href=\"https:\/\/ro.wikipedia.org\/wiki\/Arhitectura_clasic%C4%83\">arhitectura clasic\u0103<\/a>, un\u00a0<b>pilastru<\/b>\u00a0(plural\u00a0<i>pila\u0219tri<\/i>) este un element arhitectural folosit ca s\u0103 dea aspectul de\u00a0<a title=\"Coloan\u0103\" href=\"https:\/\/ro.wikipedia.org\/wiki\/Coloan%C4%83\">coloan\u0103<\/a>\u00a0pe o \u00eentindere a unui perete, av\u00e2nd doar o func\u021bie ornamental\u0103. E compus dintr-o suprafa\u021b\u0103 plan\u0103 ridicat\u0103 de pe suprafa\u021ba peretelui principal, tratat\u0103 de obicei ca \u0219i cum ar fi o coloan\u0103, cu un\u00a0<a title=\"Capitel\" href=\"https:\/\/ro.wikipedia.org\/wiki\/Capitel\">capitel<\/a>\u00a0\u00een partea de sus, soclul (baza) \u00een partea de jos \u0219i diferitele alte elemente ale coloanei. Spre deosebire de un pilastru, o\u00a0<a title=\"Coloan\u0103 angajat\u0103\" href=\"https:\/\/ro.wikipedia.org\/wiki\/Coloan%C4%83_angajat%C4%83\">coloan\u0103 angajat\u0103<\/a>\u00a0sau un contrafort pot s\u0103 sus\u021bin\u0103 structura unui perete \u0219i a unui acoperi\u0219 deasupra.<\/p>\n<p>Material: Polistiren expandat marca M25 armat cu strat de protectie pe baza de nisip de cuart<\/p>\n<p>Pretul este pentru 1 m.lin.<\/p>\n<p>La fel se executa elemente cu marimi si forme individuale la comanda.<\/p>\n","protected":false},"excerpt":{"rendered":"<p>\u00cen\u00a0arhitectura clasic\u0103, un\u00a0pilastru\u00a0(plural\u00a0pila\u0219tri) este un element arhitectural folosit ca s\u0103 dea aspectul de\u00a0coloan\u0103\u00a0pe o \u00eentindere a unui perete, av\u00e2nd doar<\/p>\n","protected":false},"featured_media":4467,"template":"","meta":[],"product_cat":[88,70],"product_tag":[],"_links":{"self":[{"href":"https:\/\/edecor.md\/en\/wp-json\/wp\/v2\/product\/3360"}],"collection":[{"href":"https:\/\/edecor.md\/en\/wp-json\/wp\/v2\/product"}],"about":[{"href":"https:\/\/edecor.md\/en\/wp-json\/wp\/v2\/types\/product"}],"wp:featuredmedia":[{"embeddable":true,"href":"https:\/\/edecor.md\/en\/wp-json\/wp\/v2\/media\/4467"}],"wp:attachment":[{"href":"https:\/\/edecor.md\/en\/wp-json\/wp\/v2\/media?parent=3360"}],"wp:term":[{"taxonomy":"product_cat","embeddable":true,"href":"https:\/\/edecor.md\/en\/wp-json\/wp\/v2\/product_cat?post=3360"},{"taxonomy":"product_tag","embeddable":true,"href":"https:\/\/edecor.md\/en\/wp-json\/wp\/v2\/product_tag?post=3360"}],"curies":[{"name":"wp","href":"https:\/\/api.w.org\/{rel}","templated":true}]}}