{"id":3272,"date":"2019-10-09T09:32:18","date_gmt":"2019-10-09T06:32:18","guid":{"rendered":"https:\/\/edecor.md\/?post_type=product&#038;p=3272"},"modified":"2023-02-16T15:52:01","modified_gmt":"2023-02-16T13:52:01","slug":"kr104","status":"publish","type":"product","link":"https:\/\/edecor.md\/en\/catalog\/profile-decorative-pentru-fatade\/cornise\/kr104\/","title":{"rendered":"KR104"},"content":{"rendered":"<p>O\u00a0<b>corni\u0219\u0103<\/b>\u00a0este un\u00a0coronament\u00a0continuu \u00een\u00a0relief al unui element, al unui mobilier\u00a0sau al unei construc\u021bii. Corni\u0219a este cel mai adesea orizontal\u0103, dar poate fi \u0219i \u00een pant\u0103 dac\u0103 se dezvolt\u0103 de-a lungul rampantului\u00a0frontonului, de exemplu. Ea se folose\u0219te pentru evacuarea apei f\u0103r\u0103 deteriorarea fa\u021badei, \u0219i permite \u0219i sublinierea unor linii ale cl\u0103dirii, cum ar fi distinc\u021bia \u00eentre etaje.<\/p>\n<p>Un\u00a0<a title=\"Fronton\" href=\"https:\/\/ro.wikipedia.org\/wiki\/Fronton\">fronton<\/a>\u00a0poate fi definit ca \u00eent\u00e2lnirea a dou\u0103 p\u0103r\u021bi de corni\u0219\u0103 care se ridic\u0103 din dou\u0103 extremit\u0103\u021bi ale unui corp de cl\u0103dire. Exist\u0103 frontoane triunghiulare \u0219i frontoane circulare<\/p>\n<p><strong>Material:<\/strong>\u00a0Polistiren expandat marca M25 armat cu strat de protec\u021bie<\/p>\n<p><strong>Pre\u021bul<\/strong>\u00a0este pentru 1 m.lin.<\/p>\n<p>La fel se executa elemente cu m\u0103rimi \u0219i forme individuale la comanda.<\/p>\n","protected":false},"excerpt":{"rendered":"<p>O\u00a0corni\u0219\u0103\u00a0este un\u00a0coronament\u00a0continuu \u00een\u00a0relief al unui element, al unui mobilier\u00a0sau al unei construc\u021bii. Corni\u0219a este cel mai adesea orizontal\u0103, dar poate<\/p>\n","protected":false},"featured_media":4975,"template":"","meta":[],"product_cat":[72,70],"product_tag":[],"_links":{"self":[{"href":"https:\/\/edecor.md\/en\/wp-json\/wp\/v2\/product\/3272"}],"collection":[{"href":"https:\/\/edecor.md\/en\/wp-json\/wp\/v2\/product"}],"about":[{"href":"https:\/\/edecor.md\/en\/wp-json\/wp\/v2\/types\/product"}],"wp:featuredmedia":[{"embeddable":true,"href":"https:\/\/edecor.md\/en\/wp-json\/wp\/v2\/media\/4975"}],"wp:attachment":[{"href":"https:\/\/edecor.md\/en\/wp-json\/wp\/v2\/media?parent=3272"}],"wp:term":[{"taxonomy":"product_cat","embeddable":true,"href":"https:\/\/edecor.md\/en\/wp-json\/wp\/v2\/product_cat?post=3272"},{"taxonomy":"product_tag","embeddable":true,"href":"https:\/\/edecor.md\/en\/wp-json\/wp\/v2\/product_tag?post=3272"}],"curies":[{"name":"wp","href":"https:\/\/api.w.org\/{rel}","templated":true}]}}