{"id":3649,"date":"2019-10-03T19:04:05","date_gmt":"2019-10-03T16:04:05","guid":{"rendered":"https:\/\/edecor.md\/despre-noi\/"},"modified":"2021-02-02T22:02:21","modified_gmt":"2021-02-02T20:02:21","slug":"about-us","status":"publish","type":"page","link":"https:\/\/edecor.md\/en\/about-us\/","title":{"rendered":"About us"},"content":{"rendered":"<div class=\"wpb-content-wrapper\"><p>[vc_row content_placement=&#8221;middle&#8221; css=&#8221;.vc_custom_1570627908498{margin-bottom: 5vh !important;}&#8221; mobile_bg_img_hidden=&#8221;no&#8221; tablet_bg_img_hidden=&#8221;no&#8221; woodmart_parallax=&#8221;0&#8243; woodmart_gradient_switch=&#8221;no&#8221; row_reverse_mobile=&#8221;0&#8243; row_reverse_tablet=&#8221;0&#8243; woodmart_disable_overflow=&#8221;0&#8243;][vc_column width=&#8221;1\/4&#8243; offset=&#8221;vc_col-md-6&#8243;][vc_single_image image=&#8221;3257&#8243; img_size=&#8221;435&#215;670&#8243; parallax_scroll=&#8221;no&#8221;][\/vc_column][vc_column width=&#8221;3\/4&#8243; woodmart_color_scheme=&#8221;dark&#8221; css=&#8221;.vc_custom_1570627940307{margin-left: -130px !important;padding-top: 2vh !important;padding-bottom: 2vh !important;background-position: 0 0 !important;background-repeat: no-repeat !important;}&#8221; offset=&#8221;vc_col-md-6 vc_col-xs-12&#8243; mobile_bg_img_hidden=&#8221;no&#8221; tablet_bg_img_hidden=&#8221;no&#8221; woodmart_parallax=&#8221;0&#8243; woodmart_sticky_column=&#8221;false&#8221; parallax_scroll=&#8221;no&#8221; mobile_reset_margin=&#8221;no&#8221; tablet_reset_margin=&#8221;no&#8221;]\t\t\t<div id=\"wd-5d9c5740e8ff2\" class=\"wd-text-block-wrapper wd-wpb wd-rs-5d9c5740e8ff2 color-scheme-custom text-left vc_custom_1570527094393\">\n\t\t\t\t<div class=\"woodmart-title-container woodmart-text-block reset-last-child font-primary wd-font-weight-400 \">\n\t\t\t\t\tPROFILE DECORATIVE DE INTERIOR \u0218I EXTERIOR\t\t\t\t<\/div>\n\n\t\t\t\t\t\t\t<\/div>\n\t\t[vc_zigzag align=&#8221;left&#8221; el_width=&#8221;20&#8243; css=&#8221;.vc_custom_1506086489692{margin-top: 10px !important;margin-bottom: 10px !important;}&#8221;][vc_column_text text_larger=&#8221;no&#8221;]<span style=\"color: #000000;\">&#8220;<strong>ELANGE STUDIO&#8221; SRL<\/strong> este o firma de produc\u021bie pentru decor, \u0219i anume produse din polipropilen\u0103. Producerea se afla \u00een municipiul Chi\u0219in\u0103u, str. Milescu Sp\u0103taru 2\/1.<\/span><\/p>\n<p><span style=\"color: #000000;\">&#8220;<strong>ELANGE STUDIO&#8221; SRL<\/strong> a fost fondata \u00een martie 2013. Scopul societ\u0103\u021bii este producerea \u0219i comercializarea de materiale pentru construc\u021bie \u0219i anume ce \u021bin de producerea decorului arhitectural pentru exterior \u0219i pentru interior.<\/span><\/p>\n<p><span style=\"color: #000000;\">Activitatea de baz\u0103 fiind executarea lucr\u0103rilor de decorarea a fa\u021badelor si producerea elementelor decorative pentru fa\u021bad\u0103 din polistiren, acoperite cu strat protector. Pentru construirea unei locuin\u021be moderne se presupune folosirea unor materiale de calitate \u0219i executarea lucrului la cel mai \u00eenalt nivel. Noi \u00een\u021belegem acest lucru, \u0219i de aceea am creat o echip\u0103 de profesioni\u0219ti care ofer\u0103 solu\u021bii optime pentru realizarea scopului clientului.<\/span><\/p>\n<p><span style=\"color: #000000;\">Suplimentar prest\u0103m, la comand\u0103, servicii de proiectare \u0219i t\u0103iere 3-D a elementelor din polistiren (litere, baghete, rozete, col\u0163are, elemente decorative pentru fa\u0163ade, izola\u021bie pentru \u021bevi etc).<\/span><\/p>\n<p><span style=\"color: #000000;\">P\u00e2n\u0103 la moment credem ca am dob\u00e2ndit o reputa\u021bie pe pia\u021b\u0103 ca fabricant \u0219i distribuitor de produse articole decor arhitectural pentru exterior \u0219i interior. Am avut \u0219i c\u00e2teva exporturi \u201eindirecte\u201d neoficiale (cu ma\u0219in\u0103 mic\u0103) \u00een Oradea, Romania \u0219i am depistata o cerere acut\u0103 \u00een aceast\u0103 regiune pentru materiale de decor calitative, precum le producem noi.<\/span><\/p>\n<p><span style=\"color: #000000;\">Respectiv, ne propunem sa ie\u0219im la export ini\u021bial \u00een Romania pentru anul 2019, mai apoi \u0219i pe alte pie\u021be.<\/span><\/p>\n<p><span style=\"color: #000000;\">Credem c\u0103 proiectul finan\u021bat de c\u0103tre Banca Mondial &#8220;PAC 2&#8221; ne va ajuta \u00een aceste privin\u021be \u0219i ne va relansa afacerea la un nivel interna\u021bional.<\/span>[\/vc_column_text]<div id=\"wd-5d9df2e28c6aa\" class=\" wd-rs-5d9df2e28c6aa  wd-button-wrapper text-center inline-element\"><a href=\"http:\/\/edecor.md\/catalog\/\" title=\"Catalog\" class=\"btn btn-color-primary btn-style-default btn-style-rectangle btn-size-default\">CATALOG<\/a><\/div><div id=\"wd-5d9df2fb3dda5\" class=\" wd-rs-5d9df2fb3dda5  wd-button-wrapper text-center inline-element\"><a href=\"http:\/\/edecor.md\/contacte\/\" title=\"Contacte\" class=\"btn btn-color-default btn-style-bordered btn-style-rectangle btn-size-default\">CONTACTA\u021aI-NE<\/a><\/div>[\/vc_column][\/vc_row][vc_row mobile_bg_img_hidden=&#8221;no&#8221; tablet_bg_img_hidden=&#8221;no&#8221; woodmart_parallax=&#8221;0&#8243; woodmart_gradient_switch=&#8221;no&#8221; row_reverse_mobile=&#8221;0&#8243; row_reverse_tablet=&#8221;0&#8243; woodmart_disable_overflow=&#8221;0&#8243; css=&#8221;.vc_custom_1570621891930{margin-bottom: -8px !important;}&#8221;][vc_column woodmart_color_scheme=&#8221;dark&#8221; css=&#8221;.vc_custom_1505552126475{background-position: 0 0 !important;background-repeat: no-repeat !important;}&#8221;]\t\t\t<div id=\"wd-5d9da81ff308a\" class=\"wd-text-block-wrapper wd-wpb wd-rs-5d9da81ff308a color-scheme-custom text-center wd-width-enabled vc_custom_1570613284328\" style=\"--wd-max-width: 50%;\">\n\t\t\t\t<div class=\"woodmart-title-container woodmart-text-block reset-last-child font-primary wd-font-weight-400 \">\n\t\t\t\t\tMontarea \u0219i t\u0103ierea profilelor decorative\t\t\t\t<\/div>\n\n\t\t\t\t\t\t\t<\/div>\n\t\t[\/vc_column][vc_column width=&#8221;1\/6&#8243;][\/vc_column][vc_column width=&#8221;2\/3&#8243; css=&#8221;.vc_custom_1505898481858{margin-bottom: -250px !important;border-top-width: 20px !important;border-right-width: 20px !important;border-bottom-width: 20px !important;border-left-width: 20px !important;padding-top: 0px !important;padding-right: 0px !important;padding-left: 0px !important;border-left-color: #ffffff !important;border-left-style: solid !important;border-right-color: #ffffff !important;border-right-style: solid !important;border-top-color: #ffffff !important;border-top-style: solid !important;border-bottom-color: #ffffff !important;border-bottom-style: solid !important;}&#8221; el_class=&#8221;position-relative z-index-10&#8243;][vc_video link=&#8221;https:\/\/youtu.be\/wNFuIpsKL_o&#8221; align=&#8221;center&#8221; image_poster_switch=&#8221;yes&#8221; css=&#8221;.vc_custom_1570610164156{margin-bottom: 0px !important;background-color: #ffffff !important;}&#8221;][\/vc_column][\/vc_row][vc_row full_width=&#8221;stretch_row&#8221; css=&#8221;.vc_custom_1570627464283{margin-bottom: -78px !important;padding-top: 220px !important;padding-bottom: 30px !important;background-color: #2b4969 !important;}&#8221; mobile_bg_img_hidden=&#8221;no&#8221; tablet_bg_img_hidden=&#8221;no&#8221; woodmart_parallax=&#8221;0&#8243; woodmart_gradient_switch=&#8221;no&#8221; row_reverse_mobile=&#8221;0&#8243; row_reverse_tablet=&#8221;0&#8243; woodmart_disable_overflow=&#8221;0&#8243;][vc_column]\n\t\t<div id=\"wd-5d9db8a26148f\" class=\"title-wrapper wd-wpb set-mb-s reset-last-child  wd-rs-5d9db8a26148f wd-title-color-white wd-title-style-default text-center  wd-width-enabled wd-underline-colored\" style=\"--wd-max-width: 50%;\">\n\t\t\t\n\t\t\t<div class=\"liner-continer\">\n\t\t\t\t<h4 class=\"woodmart-title-container title  wd-font-weight- wd-fontsize-l\" >Echipa noastr\u0103 v\u0103 st\u0103 la dispozi\u0163ie cu o gam\u0103 larg\u0103 de sericii<\/h4>\n\t\t\t\t\t\t\t<\/div>\n\t\t\t\n\t\t\t\n\t\t\t\n\t\t<\/div>\n\t\t\n\t\t[vc_row_inner css=&#8221;.vc_custom_1570622862532{margin-bottom: 30px !important;}&#8221; row_reverse_mobile=&#8221;0&#8243; row_reverse_tablet=&#8221;0&#8243;][vc_column_inner width=&#8221;1\/4&#8243; css=&#8221;.vc_custom_1505897947716{margin-bottom: 20px !important;border-right-width: 1px !important;padding-top: 0px !important;padding-bottom: 0px !important;border-right-color: rgba(73,73,73,0.09) !important;border-right-style: solid !important;}&#8221; offset=&#8221;vc_col-lg-3 vc_col-md-6 vc_col-xs-12&#8243;]\t\t\t<div class=\"info-box-wrapper\">\n\t\t\t\t<div id=\"wd-5d9de35a08165\" class=\" wd-rs-5d9de35a08165 wd-info-box wd-wpb text-center box-icon-align-top box-style- color-scheme-light wd-bg-none vc_custom_1570628466158\"  >\n\t\t\t\t\t\t\t\t\t\t\t<div class=\"box-icon-wrapper  box-with-icon box-icon-simple\">\n\t\t\t\t\t\t\t<div class=\"info-box-icon\">\n\n\t\t\t\t\t\t\t\n\t\t\t\t\t\t\t\t\t\t\t\t\t\t\t\t\t<img width=\"50\" height=\"50\" src=\"https:\/\/edecor.md\/wp-content\/uploads\/2019\/10\/column-50x50.png\" class=\"attachment-50x50 size-50x50\" alt=\"\" decoding=\"async\" loading=\"lazy\" \/>\t\t\t\t\t\t\t\t\t\t\t\t\t\t\t\n\t\t\t\t\t\t\t<\/div>\n\t\t\t\t\t\t<\/div>\n\t\t\t\t\t\t\t\t\t\t<div class=\"info-box-content\">\n\t\t\t\t\t\t<div class=\"info-box-subtitle wd-fontsize-xs subtitle-style-default\">&lt;strong&gt;Design fa\u021bade cladiri&lt;\/strong&gt;<\/div>\t\t\t\t\t\t<div class=\"info-box-inner set-cont-mb-s reset-last-child\"><\/div>\n\n\t\t\t\t\t\t\t\t\t\t\t<\/div>\n\n\t\t\t\t\t<style>#wd-5d9de35a08165 .info-box-subtitle{background-color:  !important;}<\/style>\t\t\t\t<\/div>\n\t\t\t<\/div>\n\t\t[\/vc_column_inner][vc_column_inner width=&#8221;1\/4&#8243; css=&#8221;.vc_custom_1505897954324{margin-bottom: 20px !important;}&#8221; offset=&#8221;vc_col-lg-3 vc_col-md-6 vc_col-xs-12&#8243;]\t\t\t<div class=\"info-box-wrapper\">\n\t\t\t\t<div id=\"wd-5d9de373ea9a8\" class=\" wd-rs-5d9de373ea9a8 wd-info-box wd-wpb text-center box-icon-align-top box-style- color-scheme-light wd-bg-none vc_custom_1570628480048\"  >\n\t\t\t\t\t\t\t\t\t\t\t<div class=\"box-icon-wrapper  box-with-icon box-icon-simple\">\n\t\t\t\t\t\t\t<div class=\"info-box-icon\">\n\n\t\t\t\t\t\t\t\n\t\t\t\t\t\t\t\t\t\t\t\t\t\t\t\t\t<img width=\"50\" height=\"50\" src=\"https:\/\/edecor.md\/wp-content\/uploads\/2019\/10\/column-50x50.png\" class=\"attachment-50x50 size-50x50\" alt=\"\" decoding=\"async\" loading=\"lazy\" \/>\t\t\t\t\t\t\t\t\t\t\t\t\t\t\t\n\t\t\t\t\t\t\t<\/div>\n\t\t\t\t\t\t<\/div>\n\t\t\t\t\t\t\t\t\t\t<div class=\"info-box-content\">\n\t\t\t\t\t\t<div class=\"info-box-subtitle wd-fontsize-xs subtitle-style-default\">&lt;strong&gt;Termoizolarea \u0219i decorarea fa\u021badelor&lt;\/strong&gt;<\/div>\t\t\t\t\t\t<div class=\"info-box-inner set-cont-mb-s reset-last-child\"><\/div>\n\n\t\t\t\t\t\t\t\t\t\t\t<\/div>\n\n\t\t\t\t\t<style>#wd-5d9de373ea9a8 .info-box-subtitle{background-color:  !important;}<\/style>\t\t\t\t<\/div>\n\t\t\t<\/div>\n\t\t[\/vc_column_inner][vc_column_inner width=&#8221;1\/4&#8243; css=&#8221;.vc_custom_1505897960260{margin-bottom: 20px !important;border-right-width: 1px !important;border-left-width: 1px !important;padding-top: 0px !important;padding-bottom: 0px !important;border-left-color: rgba(73,73,73,0.09) !important;border-left-style: solid !important;border-right-color: rgba(73,73,73,0.09) !important;border-right-style: solid !important;}&#8221; offset=&#8221;vc_col-lg-3 vc_col-md-6 vc_col-xs-12&#8243;]\t\t\t<div class=\"info-box-wrapper\">\n\t\t\t\t<div id=\"wd-5d9de381b5f7e\" class=\" wd-rs-5d9de381b5f7e wd-info-box wd-wpb text-center box-icon-align-top box-style- color-scheme-light wd-bg-none vc_custom_1570628490040\"  >\n\t\t\t\t\t\t\t\t\t\t\t<div class=\"box-icon-wrapper  box-with-icon box-icon-simple\">\n\t\t\t\t\t\t\t<div class=\"info-box-icon\">\n\n\t\t\t\t\t\t\t\n\t\t\t\t\t\t\t\t\t\t\t\t\t\t\t\t\t<img width=\"50\" height=\"50\" src=\"https:\/\/edecor.md\/wp-content\/uploads\/2019\/10\/column-50x50.png\" class=\"attachment-50x50 size-50x50\" alt=\"\" decoding=\"async\" loading=\"lazy\" \/>\t\t\t\t\t\t\t\t\t\t\t\t\t\t\t\n\t\t\t\t\t\t\t<\/div>\n\t\t\t\t\t\t<\/div>\n\t\t\t\t\t\t\t\t\t\t<div class=\"info-box-content\">\n\t\t\t\t\t\t<div class=\"info-box-subtitle wd-fontsize-xs subtitle-style-default\">&lt;strong&gt;Montaj profile decorative&lt;\/strong&gt;<\/div>\t\t\t\t\t\t<div class=\"info-box-inner set-cont-mb-s reset-last-child\"><\/div>\n\n\t\t\t\t\t\t\t\t\t\t\t<\/div>\n\n\t\t\t\t\t<style>#wd-5d9de381b5f7e .info-box-subtitle{background-color:  !important;}<\/style>\t\t\t\t<\/div>\n\t\t\t<\/div>\n\t\t[\/vc_column_inner][vc_column_inner width=&#8221;1\/4&#8243;]\t\t\t<div class=\"info-box-wrapper\">\n\t\t\t\t<div id=\"wd-5d9de38a6c704\" class=\" wd-rs-5d9de38a6c704 wd-info-box wd-wpb text-center box-icon-align-top box-style- color-scheme-light wd-bg-none vc_custom_1570628510950\"  >\n\t\t\t\t\t\t\t\t\t\t\t<div class=\"box-icon-wrapper  box-with-icon box-icon-simple\">\n\t\t\t\t\t\t\t<div class=\"info-box-icon\">\n\n\t\t\t\t\t\t\t\n\t\t\t\t\t\t\t\t\t\t\t\t\t\t\t\t\t<img width=\"50\" height=\"50\" src=\"https:\/\/edecor.md\/wp-content\/uploads\/2019\/10\/column-50x50.png\" class=\"attachment-50x50 size-50x50\" alt=\"\" decoding=\"async\" loading=\"lazy\" \/>\t\t\t\t\t\t\t\t\t\t\t\t\t\t\t\n\t\t\t\t\t\t\t<\/div>\n\t\t\t\t\t\t<\/div>\n\t\t\t\t\t\t\t\t\t\t<div class=\"info-box-content\">\n\t\t\t\t\t\t<div class=\"info-box-subtitle wd-fontsize-xs subtitle-style-default\">&lt;strong&gt;Produse pentru publicitate&lt;\/strong&gt;<\/div>\t\t\t\t\t\t<div class=\"info-box-inner set-cont-mb-s reset-last-child\"><\/div>\n\n\t\t\t\t\t\t\t\t\t\t\t<\/div>\n\n\t\t\t\t\t<style>#wd-5d9de38a6c704 .info-box-subtitle{background-color:  !important;}<\/style>\t\t\t\t<\/div>\n\t\t\t<\/div>\n\t\t[\/vc_column_inner][\/vc_row_inner]<div id=\"wd-5d9de3b58501f\" class=\" wd-rs-5d9de3b58501f  wd-button-wrapper text-center\"><a href=\"http:\/\/edecor.md\/contacte\/\" title=\"\" class=\"btn btn-color-white btn-style-default btn-style-rectangle btn-size-default\">COMANDA\u021aI ACUM<\/a><\/div>[\/vc_column][\/vc_row]<\/p>\n<\/div>","protected":false},"excerpt":{"rendered":"<p>[vc_row content_placement=&#8221;middle&#8221; css=&#8221;.vc_custom_1570627908498{margin-bottom: 5vh !important;}&#8221; mobile_bg_img_hidden=&#8221;no&#8221; tablet_bg_img_hidden=&#8221;no&#8221; woodmart_parallax=&#8221;0&#8243; woodmart_gradient_switch=&#8221;no&#8221; row_reverse_mobile=&#8221;0&#8243; row_reverse_tablet=&#8221;0&#8243; woodmart_disable_overflow=&#8221;0&#8243;][vc_column width=&#8221;1\/4&#8243; offset=&#8221;vc_col-md-6&#8243;][vc_single_image image=&#8221;3257&#8243; img_size=&#8221;435&#215;670&#8243; parallax_scroll=&#8221;no&#8221;][\/vc_column][vc_column width=&#8221;3\/4&#8243; woodmart_color_scheme=&#8221;dark&#8221; css=&#8221;.vc_custom_1570627940307{margin-left:<\/p>\n","protected":false},"author":2,"featured_media":0,"parent":0,"menu_order":0,"comment_status":"closed","ping_status":"closed","template":"","meta":{"footnotes":""},"_links":{"self":[{"href":"https:\/\/edecor.md\/en\/wp-json\/wp\/v2\/pages\/3649"}],"collection":[{"href":"https:\/\/edecor.md\/en\/wp-json\/wp\/v2\/pages"}],"about":[{"href":"https:\/\/edecor.md\/en\/wp-json\/wp\/v2\/types\/page"}],"author":[{"embeddable":true,"href":"https:\/\/edecor.md\/en\/wp-json\/wp\/v2\/users\/2"}],"replies":[{"embeddable":true,"href":"https:\/\/edecor.md\/en\/wp-json\/wp\/v2\/comments?post=3649"}],"version-history":[{"count":3,"href":"https:\/\/edecor.md\/en\/wp-json\/wp\/v2\/pages\/3649\/revisions"}],"predecessor-version":[{"id":4532,"href":"https:\/\/edecor.md\/en\/wp-json\/wp\/v2\/pages\/3649\/revisions\/4532"}],"wp:attachment":[{"href":"https:\/\/edecor.md\/en\/wp-json\/wp\/v2\/media?parent=3649"}],"curies":[{"name":"wp","href":"https:\/\/api.w.org\/{rel}","templated":true}]}}